
{"id":6559,"date":"2023-10-04T17:01:30","date_gmt":"2023-10-04T15:01:30","guid":{"rendered":"https:\/\/blooming-heroes.com\/?post_type=product&#038;p=6559"},"modified":"2023-11-13T15:25:33","modified_gmt":"2023-11-13T14:25:33","slug":"carte-davance-des-frais-de-sante","status":"publish","type":"product","link":"https:\/\/blooming-heroes.com\/en\/produit\/carte-davance-des-frais-de-sante\/","title":{"rendered":"Carte d&#8217;avance des frais de sant\u00e9"},"content":{"rendered":"<p><strong>Savez-vous qu&#8217;en 2022, plus d&#8217;un salari\u00e9 sur deux a renonc\u00e9 \u00e0 se faire soigner \u00e0 cause du co\u00fbt des soins ?<\/strong><\/p>\n<p>&nbsp;<\/p>\n<p>V\u00e9ritable avantage social de choc, cette MasterCard avance tous les frais de sant\u00e9 des salari\u00e9s !<\/p>\n<p>Elle vous permet de rendre jusqu&#8217;\u00e0 1 500 \u20ac de pouvoir d&#8217;achat aux collaborateurs tous les mois et facilite ainsi leur acc\u00e8s aux soins.<\/p>\n<p>Accept\u00e9e chez tous les professionnels de sant\u00e9, elle permet \u00e0 vos salari\u00e9s de ne pas avoir \u00e0 avancer les frais li\u00e9s aux soins les plus lourds (lunettes, lentilles, chirurgie de l&#8217;oeil, orthodontie, proth\u00e8ses et implants dentaires, audio-proth\u00e8ses&#8230;), ni ceux li\u00e9s aux professionnels de sant\u00e9 non rembours\u00e9s par la s\u00e9curit\u00e9 sociale (psychologues, m\u00e9decines douces\u2026), \u00e0 partir du moment o\u00f9 ces frais sont couverts par les garanties de la mutuelle.<\/p>\n<p>&nbsp;<\/p>\n<p>Il n&#8217;existe qu&#8217;une seule carte d&#8217;avance des frais de sant\u00e9 sur le march\u00e9 et nous vous l&#8217;avons d\u00e9got\u00e9e !<\/p>\n<ul>\n<li>1 500 \u20ac par mois d&#8217;avance de sant\u00e9<\/li>\n<li>Carte nominative s\u00e9curis\u00e9e<\/li>\n<li>Valable chez tous les professionnels de sant\u00e9<\/li>\n<li>Sans engagement<\/li>\n<\/ul>\n","protected":false},"excerpt":{"rendered":"<p>Savez-vous qu&#8217;en 2022, plus d&#8217;un salari\u00e9 sur deux a renonc\u00e9 \u00e0 se faire soigner \u00e0 cause du co\u00fbt des soins ? &nbsp; V\u00e9ritable avantage social de choc, cette MasterCard avance tous les frais de sant\u00e9 des salari\u00e9s ! Elle vous permet de rendre jusqu&#8217;\u00e0 1 500 \u20ac de pouvoir d&#8217;achat aux collaborateurs tous les mois [&hellip;]<\/p>\n","protected":false},"featured_media":6793,"comment_status":"open","ping_status":"closed","template":"","meta":{"inline_featured_image":false,"_glsr_average":0,"_glsr_ranking":0,"_glsr_reviews":0},"product_brand":[],"product_cat":[101,94,78,111,100,75,88],"product_tag":[69,70],"class_list":{"0":"post-6559","1":"product","2":"type-product","3":"status-publish","4":"has-post-thumbnail","6":"product_cat-assurance-collective-mutuelle","7":"product_cat-avantages-sociaux-compensation-benefices","8":"product_cat-bien-etre","9":"product_cat-sante-financiere","10":"product_cat-sante-globale","11":"product_cat-sante-mentale-stress-rps","12":"product_cat-sante-physique","13":"product_tag-services-aux-salaries","14":"product_tag-soutien-aux-salaries","16":"first","17":"instock","18":"shipping-taxable","19":"product-type-simple"},"yoast_head":"<!-- This site is optimized with the Yoast SEO plugin v27.4 - https:\/\/yoast.com\/product\/yoast-seo-wordpress\/ -->\n<title>Carte d&#039;avance des frais de sant\u00e9 - Blooming Heroes<\/title>\n<meta name=\"description\" content=\"D\u00e9couvrez la premi\u00e8re MasterCard d\u00e9di\u00e9e \u00e0 l&#039;avance des frais de sant\u00e9 des salari\u00e9s et redonnez du pouvoir d&#039;achat \u00e0 vos collaborateurs !\" \/>\n<meta name=\"robots\" content=\"index, follow, max-snippet:-1, max-image-preview:large, max-video-preview:-1\" \/>\n<link rel=\"canonical\" href=\"https:\/\/blooming-heroes.com\/produit\/carte-davance-des-frais-de-sante\/\" \/>\n<meta property=\"og:locale\" content=\"en_US\" \/>\n<meta property=\"og:type\" content=\"article\" \/>\n<meta property=\"og:title\" content=\"Carte d&#039;avance des frais de sant\u00e9 - Blooming Heroes\" \/>\n<meta property=\"og:description\" content=\"D\u00e9couvrez la premi\u00e8re MasterCard d\u00e9di\u00e9e \u00e0 l&#039;avance des frais de sant\u00e9 des salari\u00e9s et redonnez du pouvoir d&#039;achat \u00e0 vos collaborateurs !\" \/>\n<meta property=\"og:url\" content=\"https:\/\/blooming-heroes.com\/produit\/carte-davance-des-frais-de-sante\/\" \/>\n<meta property=\"og:site_name\" content=\"Blooming Heroes\" \/>\n<meta property=\"article:modified_time\" content=\"2023-11-13T14:25:33+00:00\" \/>\n<meta property=\"og:image\" content=\"https:\/\/blooming-heroes.com\/wp-content\/uploads\/2023\/10\/SideCard-recto-min.png\" \/>\n\t<meta property=\"og:image:width\" content=\"1852\" \/>\n\t<meta property=\"og:image:height\" content=\"1216\" \/>\n\t<meta property=\"og:image:type\" content=\"image\/png\" \/>\n<meta name=\"twitter:card\" content=\"summary_large_image\" \/>\n<meta name=\"twitter:label1\" content=\"Est. reading time\" \/>\n\t<meta name=\"twitter:data1\" content=\"1 minute\" \/>\n<script type=\"application\/ld+json\" class=\"yoast-schema-graph\">{\"@context\":\"https:\\\/\\\/schema.org\",\"@graph\":[{\"@type\":\"WebPage\",\"@id\":\"https:\\\/\\\/blooming-heroes.com\\\/produit\\\/carte-davance-des-frais-de-sante\\\/\",\"url\":\"https:\\\/\\\/blooming-heroes.com\\\/produit\\\/carte-davance-des-frais-de-sante\\\/\",\"name\":\"Carte d'avance des frais de sant\u00e9 - Blooming Heroes\",\"isPartOf\":{\"@id\":\"https:\\\/\\\/blooming-heroes.com\\\/#website\"},\"primaryImageOfPage\":{\"@id\":\"https:\\\/\\\/blooming-heroes.com\\\/produit\\\/carte-davance-des-frais-de-sante\\\/#primaryimage\"},\"image\":{\"@id\":\"https:\\\/\\\/blooming-heroes.com\\\/produit\\\/carte-davance-des-frais-de-sante\\\/#primaryimage\"},\"thumbnailUrl\":\"https:\\\/\\\/blooming-heroes.com\\\/wp-content\\\/uploads\\\/2023\\\/10\\\/SideCard-recto-min.png\",\"datePublished\":\"2023-10-04T15:01:30+00:00\",\"dateModified\":\"2023-11-13T14:25:33+00:00\",\"description\":\"D\u00e9couvrez la premi\u00e8re MasterCard d\u00e9di\u00e9e \u00e0 l'avance des frais de sant\u00e9 des salari\u00e9s et redonnez du pouvoir d'achat \u00e0 vos collaborateurs !\",\"breadcrumb\":{\"@id\":\"https:\\\/\\\/blooming-heroes.com\\\/produit\\\/carte-davance-des-frais-de-sante\\\/#breadcrumb\"},\"inLanguage\":\"en-US\",\"potentialAction\":[{\"@type\":\"ReadAction\",\"target\":[\"https:\\\/\\\/blooming-heroes.com\\\/produit\\\/carte-davance-des-frais-de-sante\\\/\"]}]},{\"@type\":\"ImageObject\",\"inLanguage\":\"en-US\",\"@id\":\"https:\\\/\\\/blooming-heroes.com\\\/produit\\\/carte-davance-des-frais-de-sante\\\/#primaryimage\",\"url\":\"https:\\\/\\\/blooming-heroes.com\\\/wp-content\\\/uploads\\\/2023\\\/10\\\/SideCard-recto-min.png\",\"contentUrl\":\"https:\\\/\\\/blooming-heroes.com\\\/wp-content\\\/uploads\\\/2023\\\/10\\\/SideCard-recto-min.png\",\"width\":1852,\"height\":1216},{\"@type\":\"BreadcrumbList\",\"@id\":\"https:\\\/\\\/blooming-heroes.com\\\/produit\\\/carte-davance-des-frais-de-sante\\\/#breadcrumb\",\"itemListElement\":[{\"@type\":\"ListItem\",\"position\":1,\"name\":\"Accueil\",\"item\":\"https:\\\/\\\/blooming-heroes.com\\\/en\\\/\"},{\"@type\":\"ListItem\",\"position\":2,\"name\":\"Produits\",\"item\":\"https:\\\/\\\/blooming-heroes.com\\\/shop\\\/\"},{\"@type\":\"ListItem\",\"position\":3,\"name\":\"Carte d&rsquo;avance des frais de sant\u00e9\"}]},{\"@type\":\"WebSite\",\"@id\":\"https:\\\/\\\/blooming-heroes.com\\\/#website\",\"url\":\"https:\\\/\\\/blooming-heroes.com\\\/\",\"name\":\"Blooming Heroes\",\"description\":\"Les h\u00e9ros du bien-vivre au travail\",\"publisher\":{\"@id\":\"https:\\\/\\\/blooming-heroes.com\\\/#organization\"},\"potentialAction\":[{\"@type\":\"SearchAction\",\"target\":{\"@type\":\"EntryPoint\",\"urlTemplate\":\"https:\\\/\\\/blooming-heroes.com\\\/?s={search_term_string}\"},\"query-input\":{\"@type\":\"PropertyValueSpecification\",\"valueRequired\":true,\"valueName\":\"search_term_string\"}}],\"inLanguage\":\"en-US\"},{\"@type\":\"Organization\",\"@id\":\"https:\\\/\\\/blooming-heroes.com\\\/#organization\",\"name\":\"Blooming Heroes\",\"url\":\"https:\\\/\\\/blooming-heroes.com\\\/\",\"logo\":{\"@type\":\"ImageObject\",\"inLanguage\":\"en-US\",\"@id\":\"https:\\\/\\\/blooming-heroes.com\\\/#\\\/schema\\\/logo\\\/image\\\/\",\"url\":\"https:\\\/\\\/blooming-heroes.com\\\/wp-content\\\/uploads\\\/2022\\\/01\\\/cropped-Fichier-19.png\",\"contentUrl\":\"https:\\\/\\\/blooming-heroes.com\\\/wp-content\\\/uploads\\\/2022\\\/01\\\/cropped-Fichier-19.png\",\"width\":512,\"height\":512,\"caption\":\"Blooming Heroes\"},\"image\":{\"@id\":\"https:\\\/\\\/blooming-heroes.com\\\/#\\\/schema\\\/logo\\\/image\\\/\"}}]}<\/script>\n<!-- \/ Yoast SEO plugin. -->","yoast_head_json":{"title":"Carte d'avance des frais de sant\u00e9 - Blooming Heroes","description":"D\u00e9couvrez la premi\u00e8re MasterCard d\u00e9di\u00e9e \u00e0 l'avance des frais de sant\u00e9 des salari\u00e9s et redonnez du pouvoir d'achat \u00e0 vos collaborateurs !","robots":{"index":"index","follow":"follow","max-snippet":"max-snippet:-1","max-image-preview":"max-image-preview:large","max-video-preview":"max-video-preview:-1"},"canonical":"https:\/\/blooming-heroes.com\/produit\/carte-davance-des-frais-de-sante\/","og_locale":"en_US","og_type":"article","og_title":"Carte d'avance des frais de sant\u00e9 - Blooming Heroes","og_description":"D\u00e9couvrez la premi\u00e8re MasterCard d\u00e9di\u00e9e \u00e0 l'avance des frais de sant\u00e9 des salari\u00e9s et redonnez du pouvoir d'achat \u00e0 vos collaborateurs !","og_url":"https:\/\/blooming-heroes.com\/produit\/carte-davance-des-frais-de-sante\/","og_site_name":"Blooming Heroes","article_modified_time":"2023-11-13T14:25:33+00:00","og_image":[{"width":1852,"height":1216,"url":"https:\/\/blooming-heroes.com\/wp-content\/uploads\/2023\/10\/SideCard-recto-min.png","type":"image\/png"}],"twitter_card":"summary_large_image","twitter_misc":{"Est. reading time":"1 minute"},"schema":{"@context":"https:\/\/schema.org","@graph":[{"@type":"WebPage","@id":"https:\/\/blooming-heroes.com\/produit\/carte-davance-des-frais-de-sante\/","url":"https:\/\/blooming-heroes.com\/produit\/carte-davance-des-frais-de-sante\/","name":"Carte d'avance des frais de sant\u00e9 - Blooming Heroes","isPartOf":{"@id":"https:\/\/blooming-heroes.com\/#website"},"primaryImageOfPage":{"@id":"https:\/\/blooming-heroes.com\/produit\/carte-davance-des-frais-de-sante\/#primaryimage"},"image":{"@id":"https:\/\/blooming-heroes.com\/produit\/carte-davance-des-frais-de-sante\/#primaryimage"},"thumbnailUrl":"https:\/\/blooming-heroes.com\/wp-content\/uploads\/2023\/10\/SideCard-recto-min.png","datePublished":"2023-10-04T15:01:30+00:00","dateModified":"2023-11-13T14:25:33+00:00","description":"D\u00e9couvrez la premi\u00e8re MasterCard d\u00e9di\u00e9e \u00e0 l'avance des frais de sant\u00e9 des salari\u00e9s et redonnez du pouvoir d'achat \u00e0 vos collaborateurs !","breadcrumb":{"@id":"https:\/\/blooming-heroes.com\/produit\/carte-davance-des-frais-de-sante\/#breadcrumb"},"inLanguage":"en-US","potentialAction":[{"@type":"ReadAction","target":["https:\/\/blooming-heroes.com\/produit\/carte-davance-des-frais-de-sante\/"]}]},{"@type":"ImageObject","inLanguage":"en-US","@id":"https:\/\/blooming-heroes.com\/produit\/carte-davance-des-frais-de-sante\/#primaryimage","url":"https:\/\/blooming-heroes.com\/wp-content\/uploads\/2023\/10\/SideCard-recto-min.png","contentUrl":"https:\/\/blooming-heroes.com\/wp-content\/uploads\/2023\/10\/SideCard-recto-min.png","width":1852,"height":1216},{"@type":"BreadcrumbList","@id":"https:\/\/blooming-heroes.com\/produit\/carte-davance-des-frais-de-sante\/#breadcrumb","itemListElement":[{"@type":"ListItem","position":1,"name":"Accueil","item":"https:\/\/blooming-heroes.com\/en\/"},{"@type":"ListItem","position":2,"name":"Produits","item":"https:\/\/blooming-heroes.com\/shop\/"},{"@type":"ListItem","position":3,"name":"Carte d&rsquo;avance des frais de sant\u00e9"}]},{"@type":"WebSite","@id":"https:\/\/blooming-heroes.com\/#website","url":"https:\/\/blooming-heroes.com\/","name":"Blooming Heroes","description":"Les h\u00e9ros du bien-vivre au travail","publisher":{"@id":"https:\/\/blooming-heroes.com\/#organization"},"potentialAction":[{"@type":"SearchAction","target":{"@type":"EntryPoint","urlTemplate":"https:\/\/blooming-heroes.com\/?s={search_term_string}"},"query-input":{"@type":"PropertyValueSpecification","valueRequired":true,"valueName":"search_term_string"}}],"inLanguage":"en-US"},{"@type":"Organization","@id":"https:\/\/blooming-heroes.com\/#organization","name":"Blooming Heroes","url":"https:\/\/blooming-heroes.com\/","logo":{"@type":"ImageObject","inLanguage":"en-US","@id":"https:\/\/blooming-heroes.com\/#\/schema\/logo\/image\/","url":"https:\/\/blooming-heroes.com\/wp-content\/uploads\/2022\/01\/cropped-Fichier-19.png","contentUrl":"https:\/\/blooming-heroes.com\/wp-content\/uploads\/2022\/01\/cropped-Fichier-19.png","width":512,"height":512,"caption":"Blooming Heroes"},"image":{"@id":"https:\/\/blooming-heroes.com\/#\/schema\/logo\/image\/"}}]}},"_links":{"self":[{"href":"https:\/\/blooming-heroes.com\/en\/wp-json\/wp\/v2\/product\/6559","targetHints":{"allow":["GET"]}}],"collection":[{"href":"https:\/\/blooming-heroes.com\/en\/wp-json\/wp\/v2\/product"}],"about":[{"href":"https:\/\/blooming-heroes.com\/en\/wp-json\/wp\/v2\/types\/product"}],"replies":[{"embeddable":true,"href":"https:\/\/blooming-heroes.com\/en\/wp-json\/wp\/v2\/comments?post=6559"}],"wp:featuredmedia":[{"embeddable":true,"href":"https:\/\/blooming-heroes.com\/en\/wp-json\/wp\/v2\/media\/6793"}],"wp:attachment":[{"href":"https:\/\/blooming-heroes.com\/en\/wp-json\/wp\/v2\/media?parent=6559"}],"wp:term":[{"taxonomy":"product_brand","embeddable":true,"href":"https:\/\/blooming-heroes.com\/en\/wp-json\/wp\/v2\/product_brand?post=6559"},{"taxonomy":"product_cat","embeddable":true,"href":"https:\/\/blooming-heroes.com\/en\/wp-json\/wp\/v2\/product_cat?post=6559"},{"taxonomy":"product_tag","embeddable":true,"href":"https:\/\/blooming-heroes.com\/en\/wp-json\/wp\/v2\/product_tag?post=6559"}],"curies":[{"name":"wp","href":"https:\/\/api.w.org\/{rel}","templated":true}]}}